{"id":1287,"date":"2023-02-28T10:53:57","date_gmt":"2023-02-28T09:53:57","guid":{"rendered":"https:\/\/clients.corris.com\/merci\/"},"modified":"2023-08-09T07:44:06","modified_gmt":"2023-08-09T05:44:06","slug":"merci","status":"publish","type":"page","link":"https:\/\/clients.corris.com\/fr\/merci\/","title":{"rendered":"Merci"},"content":{"rendered":"<div class=\"gb-container gb-container-01753fb8 home-container\">\n<div class=\"gb-container gb-container-162d036b user-manage\">\n\n<div class=\"login-header\"><img loading=\"lazy\" decoding=\"async\" class=\"header-image is-logo-image login\" alt=\"Portail\" src=\"https:\/\/clients.corris.com\/wp-content\/uploads\/2023\/02\/corris_logo.svg\" srcset=\"https:\/\/clients.corris.com\/wp-content\/uploads\/2023\/02\/corris_logo.svg 1x, https:\/\/clients.corris.com\/wp-content\/uploads\/2023\/02\/corris_logo.svg 2x\" width=\"117\" height=\"30\"\/> <div class=\"site-branding\"><p class=\"main-title\" itemprop=\"headline\"> Portail<\/p>\t<\/div><\/div>\n\n\n\n<p>Ton inscription a \u00e9t\u00e9 envoy\u00e9e. Apr\u00e8s v\u00e9rification, tu recevras une confirmation par e-mail.<\/p>\n\n\n\n<p class=\"ninja-pwreset\"><a href=\"https:\/\/clients.corris.com\/fr\/\" data-type=\"page\" data-id=\"13\">Retour \u00e0 l\u2019inscription<\/a><\/p>\n\n<\/div>\n<\/div>","protected":false},"excerpt":{"rendered":"<p>Portail Ton inscription a \u00e9t\u00e9 envoy\u00e9e. Apr\u00e8s v\u00e9rification, tu recevras une confirmation par e-mail. Retour \u00e0 l\u2019inscription<\/p>\n","protected":false},"author":2,"featured_media":0,"parent":0,"menu_order":0,"comment_status":"closed","ping_status":"closed","template":"","meta":{"_acf_changed":false,"_eb_attr":"","inline_featured_image":false,"generate_page_header":"","footnotes":""},"class_list":["post-1287","page","type-page","status-publish"],"acf":[],"_links":{"self":[{"href":"https:\/\/clients.corris.com\/fr\/wp-json\/wp\/v2\/pages\/1287","targetHints":{"allow":["GET"]}}],"collection":[{"href":"https:\/\/clients.corris.com\/fr\/wp-json\/wp\/v2\/pages"}],"about":[{"href":"https:\/\/clients.corris.com\/fr\/wp-json\/wp\/v2\/types\/page"}],"author":[{"embeddable":true,"href":"https:\/\/clients.corris.com\/fr\/wp-json\/wp\/v2\/users\/2"}],"replies":[{"embeddable":true,"href":"https:\/\/clients.corris.com\/fr\/wp-json\/wp\/v2\/comments?post=1287"}],"version-history":[{"count":4,"href":"https:\/\/clients.corris.com\/fr\/wp-json\/wp\/v2\/pages\/1287\/revisions"}],"predecessor-version":[{"id":2873,"href":"https:\/\/clients.corris.com\/fr\/wp-json\/wp\/v2\/pages\/1287\/revisions\/2873"}],"wp:attachment":[{"href":"https:\/\/clients.corris.com\/fr\/wp-json\/wp\/v2\/media?parent=1287"}],"curies":[{"name":"wp","href":"https:\/\/api.w.org\/{rel}","templated":true}]}}