{"id":3243,"date":"2025-05-19T10:27:33","date_gmt":"2025-05-19T08:27:33","guid":{"rendered":"https:\/\/clients.corris.com\/?page_id=3243"},"modified":"2025-06-04T15:57:38","modified_gmt":"2025-06-04T13:57:38","slug":"lsv-est-deconsidere","status":"publish","type":"page","link":"https:\/\/clients.corris.com\/fr\/lsv-est-deconsidere\/","title":{"rendered":"LSV+ est d\u00e9consid\u00e9r\u00e9"},"content":{"rendered":"<div class=\"gb-container gb-container-01753fb8 form-container\">\n<div class=\"gb-container gb-container-162d036b user-manage\">\n\n<h2 class=\"gb-headline gb-headline-ac7817e7 gb-headline-text\">Information sur la succession de LSV+<\/h2>\n\n\n<div class=\"gb-container gb-container-637549d8\">\n\n<p>Le syst\u00e8me LSV+ sera supprim\u00e9 \u2013 comment garantir des dons r\u00e9guliers \u00e0 partir de 2029 ? Tu trouveras ici les informations les plus importantes en un coup d&#8217;\u0153il.<\/p>\n\n<\/div>\n\n<div class=\"gb-container gb-container-9b1d3ae7\">\n<ul class=\"dlm-downloads\"><li><div class=\"clients-filetype\">pdf<\/div>\n<div class=\"clients-title\">Presentation Taskforce LSV+ Meeting 22.01.2026<\/div>\n<div class=\"clients-link\"><a class=\"download-link\" title=\"Version \" href=\"https:\/\/clients.corris.com\/fr\/download\/3466\/?tmstv=1776242847\" rel=\"nofollow\">\nT\u00e9l\u00e9charger<\/a><\/div><\/li><li><div class=\"clients-filetype\">pdf<\/div>\n<div class=\"clients-title\">LSV+ Replacement<\/div>\n<div class=\"clients-link\"><a class=\"download-link\" title=\"Version \" href=\"https:\/\/clients.corris.com\/fr\/download\/3385\/?tmstv=1776242847\" rel=\"nofollow\">\nT\u00e9l\u00e9charger<\/a><\/div><\/li><li><div class=\"clients-filetype\">pdf<\/div>\n<div class=\"clients-title\">Presentation Switching from LSV+<\/div>\n<div class=\"clients-link\"><a class=\"download-link\" title=\"Version komprimiert\" href=\"https:\/\/clients.corris.com\/fr\/download\/3322\/?tmstv=1776242847\" rel=\"nofollow\">\nT\u00e9l\u00e9charger<\/a><\/div><\/li><li><div class=\"clients-filetype\">pdf<\/div>\n<div class=\"clients-title\">Payment Methods Switzerland 2025<\/div>\n<div class=\"clients-link\"><a class=\"download-link\" title=\"Version \" href=\"https:\/\/clients.corris.com\/fr\/download\/3316\/?tmstv=1776242847\" rel=\"nofollow\">\nT\u00e9l\u00e9charger<\/a><\/div><\/li><\/ul>\n\t\t\t\t\n\n<\/div>\n\n\n<h3 class=\"gb-headline gb-headline-4f5e9600 gb-headline-text\">Autres publications<\/h3>\n\n\n\n<p><a href=\"https:\/\/www.twint.ch\/fr\/press\/twint-concoit-la-nouvelle-generation-du-systeme-de-recouvrement-direct\/?lang=fr\" target=\"_blank\" rel=\"noreferrer noopener\">https:\/\/www.twint.ch\/fr\/press\/twint-concoit-la-nouvelle-generation-du-systeme-de-recouvrement-direct\/<\/a><\/p>\n\n\n\n<p><a href=\"https:\/\/www.20min.ch\/story\/lastschriftverfahren-twint-sucht-neue-wege-inmitten-wachsender-konkurrenz-103351992\" target=\"_blank\" rel=\"noreferrer noopener\">https:\/\/www.20min.ch\/story\/lastschriftverfahren-twint-sucht-neue-wege-inmitten-wachsender-konkurrenz-103351992<\/a><\/p>\n\n\n\n<p><a href=\"https:\/\/www.six-group.com\/fr\/products-services\/banking-services\/billing-and-payments\/ebill-dd-project.html\" target=\"_blank\" rel=\"noreferrer noopener\">https:\/\/www.six-group.com\/fr\/products-services\/banking-services\/billing-and-payments\/ebill-dd-project.html<\/a><\/p>\n\n\n<div class=\"gb-container gb-container-5e5b3179\">\n\n<p class=\"ninja-pwreset \"><a href=\"https:\/\/clients.corris.com\/fr\/\" data-type=\"page\" data-id=\"13\">retour<\/a><\/p>\n\n<\/div>\n<\/div>\n<\/div>\n\n\n<p><\/p>\n\n\n\n<p><\/p>\n\n\n\n<p><\/p>\n","protected":false},"excerpt":{"rendered":"<p>Information sur la succession de LSV+ Le syst\u00e8me LSV+ sera supprim\u00e9 \u2013 comment garantir des dons r\u00e9guliers \u00e0 partir de 2029 ? Tu trouveras ici les informations les plus importantes en un coup d&#8217;\u0153il. Autres publications https:\/\/www.twint.ch\/fr\/press\/twint-concoit-la-nouvelle-generation-du-systeme-de-recouvrement-direct\/ https:\/\/www.20min.ch\/story\/lastschriftverfahren-twint-sucht-neue-wege-inmitten-wachsender-konkurrenz-103351992 https:\/\/www.six-group.com\/fr\/products-services\/banking-services\/billing-and-payments\/ebill-dd-project.html retour<\/p>\n","protected":false},"author":2,"featured_media":0,"parent":0,"menu_order":0,"comment_status":"closed","ping_status":"closed","template":"","meta":{"_acf_changed":false,"_eb_attr":"","inline_featured_image":false,"generate_page_header":"","footnotes":""},"class_list":["post-3243","page","type-page","status-publish"],"acf":[],"_links":{"self":[{"href":"https:\/\/clients.corris.com\/fr\/wp-json\/wp\/v2\/pages\/3243","targetHints":{"allow":["GET"]}}],"collection":[{"href":"https:\/\/clients.corris.com\/fr\/wp-json\/wp\/v2\/pages"}],"about":[{"href":"https:\/\/clients.corris.com\/fr\/wp-json\/wp\/v2\/types\/page"}],"author":[{"embeddable":true,"href":"https:\/\/clients.corris.com\/fr\/wp-json\/wp\/v2\/users\/2"}],"replies":[{"embeddable":true,"href":"https:\/\/clients.corris.com\/fr\/wp-json\/wp\/v2\/comments?post=3243"}],"version-history":[{"count":9,"href":"https:\/\/clients.corris.com\/fr\/wp-json\/wp\/v2\/pages\/3243\/revisions"}],"predecessor-version":[{"id":3365,"href":"https:\/\/clients.corris.com\/fr\/wp-json\/wp\/v2\/pages\/3243\/revisions\/3365"}],"wp:attachment":[{"href":"https:\/\/clients.corris.com\/fr\/wp-json\/wp\/v2\/media?parent=3243"}],"curies":[{"name":"wp","href":"https:\/\/api.w.org\/{rel}","templated":true}]}}